{"id":2158,"date":"2017-10-11T20:59:50","date_gmt":"2017-10-11T20:59:50","guid":{"rendered":"https:\/\/www.play2escape.com\/?post_type=product&#038;p=2158"},"modified":"2026-05-11T07:31:14","modified_gmt":"2026-05-11T07:31:14","slug":"cheque-regalo-play2escape","status":"publish","type":"product","link":"https:\/\/www.play2escape.com\/es\/producto\/cheque-regalo-play2escape\/","title":{"rendered":"Cheque Regalo Play2Escape"},"content":{"rendered":"<p>\u00bfBuscas un regalo original para un amigo o familiar?<\/p>\n<p><strong>\u00a1 Regala una experiencia inolvidable !\u00a0<\/strong><\/p>\n<p><a href=\"http:\/\/www.play2escape.com\/wp-content\/uploads\/2017\/11\/Screen-Shot-2017-11-23-at-21.19.52.png\"><img loading=\"lazy\" decoding=\"async\" class=\"size-medium wp-image-378 alignleft\" src=\"http:\/\/www.play2escape.com\/wp-content\/uploads\/2017\/11\/Screen-Shot-2017-11-23-at-21.19.52-232x300.png\" alt=\"\" width=\"232\" height=\"300\" srcset=\"https:\/\/www.play2escape.com\/wp-content\/uploads\/2017\/11\/Screen-Shot-2017-11-23-at-21.19.52-232x300.png 232w, https:\/\/www.play2escape.com\/wp-content\/uploads\/2017\/11\/Screen-Shot-2017-11-23-at-21.19.52-600x775.png 600w, https:\/\/www.play2escape.com\/wp-content\/uploads\/2017\/11\/Screen-Shot-2017-11-23-at-21.19.52-768x991.png 768w, https:\/\/www.play2escape.com\/wp-content\/uploads\/2017\/11\/Screen-Shot-2017-11-23-at-21.19.52-793x1024.png 793w, https:\/\/www.play2escape.com\/wp-content\/uploads\/2017\/11\/Screen-Shot-2017-11-23-at-21.19.52-155x200.png 155w, https:\/\/www.play2escape.com\/wp-content\/uploads\/2017\/11\/Screen-Shot-2017-11-23-at-21.19.52.png 1100w\" sizes=\"auto, (max-width: 232px) 100vw, 232px\" \/><\/a><\/p>\n<p>Compra este Cheque Regalo de Play2Escape y recibir\u00e1s en menos de 24 horas un e-mail personalizado con un cup\u00f3n que podr\u00e1s reenviar o imprimir para entregarlo en mano a la persona que deseas sorprender.<\/p>\n<p>La persona que reciba este regalo podr\u00e1 reservar d\u00eda y hora c\u00f3modamente, introduciendo el c\u00f3digo de cup\u00f3n desde nuestra p\u00e1gina web.\u00a0El cheque regalo tiene una caducidad de 6 meses desde el momento de la compra y es v\u00e1lido para un grupo de m\u00ednimo 2 y <strong>un m\u00e1ximo de 6 personas.<\/strong><\/p>\n<p><strong>PRECIOS:<\/strong><\/p>\n<ul>\n<li>Grupo de adultos de 2 a 5 personas \u2013 90\u20ac<\/li>\n<li>Grupo de adultos de 6 personas \u2013 100\u20ac<\/li>\n<li>Grupo de \u00abkids\u00bb de 2 a 5 personas (4 ni\u00f1os + adulto acompa\u00f1ante obligatorio) \u2013 100\u20ac<\/li>\n<li>Grupo de \u00abkids\u00bb de 6 personas (5 ni\u00f1os + adulto acompa\u00f1ante obligatorio) \u2013 110\u20ac<\/li>\n<\/ul>\n","protected":false},"excerpt":{"rendered":"<p>Regala una experiencia original con el Cheque Regalo de Play2Escape: v\u00e1lido para grupos de 2 a 6 personas y disponible durante 6 meses.<\/p>\n","protected":false},"featured_media":2067,"template":"","meta":[],"product_brand":[],"product_cat":[40],"product_tag":[],"class_list":{"0":"post-2158","1":"product","2":"type-product","3":"status-publish","4":"has-post-thumbnail","6":"product_cat-xec","8":"first","9":"instock","10":"shipping-taxable","11":"purchasable","12":"product-type-variable"},"yoast_head":"<!-- This site is optimized with the Yoast SEO plugin v27.5 - https:\/\/yoast.com\/product\/yoast-seo-wordpress\/ -->\n<title>Cheque Regalo Play2Escape -<\/title>\n<meta name=\"description\" content=\"Regala una experiencia original con el Cheque Regalo de Play2Escape: v\u00e1lido para grupos de 2 a 6 personas y disponible durante 6 meses.\" \/>\n<meta name=\"robots\" content=\"index, follow, max-snippet:-1, max-image-preview:large, max-video-preview:-1\" \/>\n<link rel=\"canonical\" href=\"https:\/\/www.play2escape.com\/es\/producto\/cheque-regalo-play2escape\/\" \/>\n<meta property=\"og:locale\" content=\"es_ES\" \/>\n<meta property=\"og:type\" content=\"article\" \/>\n<meta property=\"og:title\" content=\"Cheque Regalo Play2Escape -\" \/>\n<meta property=\"og:description\" content=\"Regala una experiencia original con el Cheque Regalo de Play2Escape: v\u00e1lido para grupos de 2 a 6 personas y disponible durante 6 meses.\" \/>\n<meta property=\"og:url\" content=\"https:\/\/www.play2escape.com\/es\/producto\/cheque-regalo-play2escape\/\" \/>\n<meta property=\"article:modified_time\" content=\"2026-05-11T07:31:14+00:00\" \/>\n<meta property=\"og:image\" content=\"https:\/\/www.play2escape.com\/wp-content\/uploads\/2017\/10\/Banner-1500x240-Barcelona_purchase.jpg\" \/>\n\t<meta property=\"og:image:width\" content=\"1500\" \/>\n\t<meta property=\"og:image:height\" content=\"240\" \/>\n\t<meta property=\"og:image:type\" content=\"image\/jpeg\" \/>\n<meta name=\"twitter:card\" content=\"summary_large_image\" \/>\n<script type=\"application\/ld+json\" class=\"yoast-schema-graph\">{\"@context\":\"https:\\\/\\\/schema.org\",\"@graph\":[{\"@type\":\"WebPage\",\"@id\":\"https:\\\/\\\/www.play2escape.com\\\/es\\\/producto\\\/cheque-regalo-play2escape\\\/\",\"url\":\"https:\\\/\\\/www.play2escape.com\\\/es\\\/producto\\\/cheque-regalo-play2escape\\\/\",\"name\":\"Cheque Regalo Play2Escape -\",\"isPartOf\":{\"@id\":\"https:\\\/\\\/www.play2escape.com\\\/es_ES\\\/#website\"},\"primaryImageOfPage\":{\"@id\":\"https:\\\/\\\/www.play2escape.com\\\/es\\\/producto\\\/cheque-regalo-play2escape\\\/#primaryimage\"},\"image\":{\"@id\":\"https:\\\/\\\/www.play2escape.com\\\/es\\\/producto\\\/cheque-regalo-play2escape\\\/#primaryimage\"},\"thumbnailUrl\":\"https:\\\/\\\/www.play2escape.com\\\/wp-content\\\/uploads\\\/2017\\\/10\\\/Banner-1500x240-Barcelona_purchase.jpg\",\"datePublished\":\"2017-10-11T20:59:50+00:00\",\"dateModified\":\"2026-05-11T07:31:14+00:00\",\"description\":\"Regala una experiencia original con el Cheque Regalo de Play2Escape: v\u00e1lido para grupos de 2 a 6 personas y disponible durante 6 meses.\",\"breadcrumb\":{\"@id\":\"https:\\\/\\\/www.play2escape.com\\\/es\\\/producto\\\/cheque-regalo-play2escape\\\/#breadcrumb\"},\"inLanguage\":\"es\",\"potentialAction\":[{\"@type\":\"ReadAction\",\"target\":[\"https:\\\/\\\/www.play2escape.com\\\/es\\\/producto\\\/cheque-regalo-play2escape\\\/\"]}]},{\"@type\":\"ImageObject\",\"inLanguage\":\"es\",\"@id\":\"https:\\\/\\\/www.play2escape.com\\\/es\\\/producto\\\/cheque-regalo-play2escape\\\/#primaryimage\",\"url\":\"https:\\\/\\\/www.play2escape.com\\\/wp-content\\\/uploads\\\/2017\\\/10\\\/Banner-1500x240-Barcelona_purchase.jpg\",\"contentUrl\":\"https:\\\/\\\/www.play2escape.com\\\/wp-content\\\/uploads\\\/2017\\\/10\\\/Banner-1500x240-Barcelona_purchase.jpg\",\"width\":1500,\"height\":240},{\"@type\":\"BreadcrumbList\",\"@id\":\"https:\\\/\\\/www.play2escape.com\\\/es\\\/producto\\\/cheque-regalo-play2escape\\\/#breadcrumb\",\"itemListElement\":[{\"@type\":\"ListItem\",\"position\":1,\"name\":\"Portada\",\"item\":\"https:\\\/\\\/www.play2escape.com\\\/es\\\/\"},{\"@type\":\"ListItem\",\"position\":2,\"name\":\"Tienda\",\"item\":\"https:\\\/\\\/www.play2escape.com\\\/es\\\/tienda\\\/\"},{\"@type\":\"ListItem\",\"position\":3,\"name\":\"Cheque Regalo Play2Escape\"}]},{\"@type\":\"WebSite\",\"@id\":\"https:\\\/\\\/www.play2escape.com\\\/es_ES\\\/#website\",\"url\":\"https:\\\/\\\/www.play2escape.com\\\/es_ES\\\/\",\"name\":\"\",\"description\":\"Tu Escape Room en Girona\",\"publisher\":{\"@id\":\"https:\\\/\\\/www.play2escape.com\\\/es_ES\\\/#organization\"},\"potentialAction\":[{\"@type\":\"SearchAction\",\"target\":{\"@type\":\"EntryPoint\",\"urlTemplate\":\"https:\\\/\\\/www.play2escape.com\\\/es_ES\\\/?s={search_term_string}\"},\"query-input\":{\"@type\":\"PropertyValueSpecification\",\"valueRequired\":true,\"valueName\":\"search_term_string\"}}],\"inLanguage\":\"es\"},{\"@type\":\"Organization\",\"@id\":\"https:\\\/\\\/www.play2escape.com\\\/es_ES\\\/#organization\",\"name\":\"play2escape\",\"url\":\"https:\\\/\\\/www.play2escape.com\\\/es_ES\\\/\",\"logo\":{\"@type\":\"ImageObject\",\"inLanguage\":\"es\",\"@id\":\"https:\\\/\\\/www.play2escape.com\\\/es_ES\\\/#\\\/schema\\\/logo\\\/image\\\/\",\"url\":\"https:\\\/\\\/www.play2escape.com\\\/wp-content\\\/uploads\\\/2017\\\/10\\\/Logo_Play2escape_sinSombra.png\",\"contentUrl\":\"https:\\\/\\\/www.play2escape.com\\\/wp-content\\\/uploads\\\/2017\\\/10\\\/Logo_Play2escape_sinSombra.png\",\"width\":295,\"height\":300,\"caption\":\"play2escape\"},\"image\":{\"@id\":\"https:\\\/\\\/www.play2escape.com\\\/es_ES\\\/#\\\/schema\\\/logo\\\/image\\\/\"}}]}<\/script>\n<!-- \/ Yoast SEO plugin. -->","yoast_head_json":{"title":"Cheque Regalo Play2Escape -","description":"Regala una experiencia original con el Cheque Regalo de Play2Escape: v\u00e1lido para grupos de 2 a 6 personas y disponible durante 6 meses.","robots":{"index":"index","follow":"follow","max-snippet":"max-snippet:-1","max-image-preview":"max-image-preview:large","max-video-preview":"max-video-preview:-1"},"canonical":"https:\/\/www.play2escape.com\/es\/producto\/cheque-regalo-play2escape\/","og_locale":"es_ES","og_type":"article","og_title":"Cheque Regalo Play2Escape -","og_description":"Regala una experiencia original con el Cheque Regalo de Play2Escape: v\u00e1lido para grupos de 2 a 6 personas y disponible durante 6 meses.","og_url":"https:\/\/www.play2escape.com\/es\/producto\/cheque-regalo-play2escape\/","article_modified_time":"2026-05-11T07:31:14+00:00","og_image":[{"width":1500,"height":240,"url":"https:\/\/www.play2escape.com\/wp-content\/uploads\/2017\/10\/Banner-1500x240-Barcelona_purchase.jpg","type":"image\/jpeg"}],"twitter_card":"summary_large_image","schema":{"@context":"https:\/\/schema.org","@graph":[{"@type":"WebPage","@id":"https:\/\/www.play2escape.com\/es\/producto\/cheque-regalo-play2escape\/","url":"https:\/\/www.play2escape.com\/es\/producto\/cheque-regalo-play2escape\/","name":"Cheque Regalo Play2Escape -","isPartOf":{"@id":"https:\/\/www.play2escape.com\/es_ES\/#website"},"primaryImageOfPage":{"@id":"https:\/\/www.play2escape.com\/es\/producto\/cheque-regalo-play2escape\/#primaryimage"},"image":{"@id":"https:\/\/www.play2escape.com\/es\/producto\/cheque-regalo-play2escape\/#primaryimage"},"thumbnailUrl":"https:\/\/www.play2escape.com\/wp-content\/uploads\/2017\/10\/Banner-1500x240-Barcelona_purchase.jpg","datePublished":"2017-10-11T20:59:50+00:00","dateModified":"2026-05-11T07:31:14+00:00","description":"Regala una experiencia original con el Cheque Regalo de Play2Escape: v\u00e1lido para grupos de 2 a 6 personas y disponible durante 6 meses.","breadcrumb":{"@id":"https:\/\/www.play2escape.com\/es\/producto\/cheque-regalo-play2escape\/#breadcrumb"},"inLanguage":"es","potentialAction":[{"@type":"ReadAction","target":["https:\/\/www.play2escape.com\/es\/producto\/cheque-regalo-play2escape\/"]}]},{"@type":"ImageObject","inLanguage":"es","@id":"https:\/\/www.play2escape.com\/es\/producto\/cheque-regalo-play2escape\/#primaryimage","url":"https:\/\/www.play2escape.com\/wp-content\/uploads\/2017\/10\/Banner-1500x240-Barcelona_purchase.jpg","contentUrl":"https:\/\/www.play2escape.com\/wp-content\/uploads\/2017\/10\/Banner-1500x240-Barcelona_purchase.jpg","width":1500,"height":240},{"@type":"BreadcrumbList","@id":"https:\/\/www.play2escape.com\/es\/producto\/cheque-regalo-play2escape\/#breadcrumb","itemListElement":[{"@type":"ListItem","position":1,"name":"Portada","item":"https:\/\/www.play2escape.com\/es\/"},{"@type":"ListItem","position":2,"name":"Tienda","item":"https:\/\/www.play2escape.com\/es\/tienda\/"},{"@type":"ListItem","position":3,"name":"Cheque Regalo Play2Escape"}]},{"@type":"WebSite","@id":"https:\/\/www.play2escape.com\/es_ES\/#website","url":"https:\/\/www.play2escape.com\/es_ES\/","name":"","description":"Tu Escape Room en Girona","publisher":{"@id":"https:\/\/www.play2escape.com\/es_ES\/#organization"},"potentialAction":[{"@type":"SearchAction","target":{"@type":"EntryPoint","urlTemplate":"https:\/\/www.play2escape.com\/es_ES\/?s={search_term_string}"},"query-input":{"@type":"PropertyValueSpecification","valueRequired":true,"valueName":"search_term_string"}}],"inLanguage":"es"},{"@type":"Organization","@id":"https:\/\/www.play2escape.com\/es_ES\/#organization","name":"play2escape","url":"https:\/\/www.play2escape.com\/es_ES\/","logo":{"@type":"ImageObject","inLanguage":"es","@id":"https:\/\/www.play2escape.com\/es_ES\/#\/schema\/logo\/image\/","url":"https:\/\/www.play2escape.com\/wp-content\/uploads\/2017\/10\/Logo_Play2escape_sinSombra.png","contentUrl":"https:\/\/www.play2escape.com\/wp-content\/uploads\/2017\/10\/Logo_Play2escape_sinSombra.png","width":295,"height":300,"caption":"play2escape"},"image":{"@id":"https:\/\/www.play2escape.com\/es_ES\/#\/schema\/logo\/image\/"}}]}},"_links":{"self":[{"href":"https:\/\/www.play2escape.com\/es\/wp-json\/wp\/v2\/product\/2158","targetHints":{"allow":["GET"]}}],"collection":[{"href":"https:\/\/www.play2escape.com\/es\/wp-json\/wp\/v2\/product"}],"about":[{"href":"https:\/\/www.play2escape.com\/es\/wp-json\/wp\/v2\/types\/product"}],"wp:featuredmedia":[{"embeddable":true,"href":"https:\/\/www.play2escape.com\/es\/wp-json\/wp\/v2\/media\/2067"}],"wp:attachment":[{"href":"https:\/\/www.play2escape.com\/es\/wp-json\/wp\/v2\/media?parent=2158"}],"wp:term":[{"taxonomy":"product_brand","embeddable":true,"href":"https:\/\/www.play2escape.com\/es\/wp-json\/wp\/v2\/product_brand?post=2158"},{"taxonomy":"product_cat","embeddable":true,"href":"https:\/\/www.play2escape.com\/es\/wp-json\/wp\/v2\/product_cat?post=2158"},{"taxonomy":"product_tag","embeddable":true,"href":"https:\/\/www.play2escape.com\/es\/wp-json\/wp\/v2\/product_tag?post=2158"}],"curies":[{"name":"wp","href":"https:\/\/api.w.org\/{rel}","templated":true}]}}