{"id":1864,"date":"2019-11-20T11:15:32","date_gmt":"2019-11-20T11:15:32","guid":{"rendered":"https:\/\/www.play2escape.com\/politica-de-venta-y-devolucion\/"},"modified":"2026-05-10T19:37:01","modified_gmt":"2026-05-10T19:37:01","slug":"politica-de-venta-y-devolucion","status":"publish","type":"page","link":"https:\/\/www.play2escape.com\/es\/politica-de-venta-y-devolucion\/","title":{"rendered":"Pol\u00edtica de venta y devoluci\u00f3n"},"content":{"rendered":"\n<p>Pol\u00edtica de venta<\/p>\n\n\n\n<ol class=\"wp-block-list\">\n<li>Las reservas podr\u00e1n realizarse online a trav\u00e9s a de la pagina web de Play2Escape (www.play2escape.com).<\/li>\n\n\n\n<li>Solo ser\u00e1n reservables aquellas sesiones que permanecen disponibles. Cuando una de nuestras sesiones es reservada, \u00e9sta se bloquea autom\u00e1ticamente y no podr\u00e1 ser reservada por ning\u00fan otro equipo.<\/li>\n\n\n\n<li>Nuestras tarifas, visibles en el apartado de reservas, tienen el IVA incluido.<\/li>\n\n\n\n<li>Para realizar una reserva con \u00e9xito el usuario debe efectuar, a trav\u00e9s de nuestro TPV Virtual, el pago de la reserva.<\/li>\n\n\n\n<li>No se permite el traslado de los juegos a un tercero. Es necesario ponerse en contacto con nosotros en circunstancias especiales.<\/li>\n\n\n\n<li>Usted es el \u00fanico responsable de introducir sus datos correctamente en el formulario de reserva en l\u00ednea.<\/li>\n\n\n\n<li>La reserva se convierte en nula y la entrada ser\u00e1 rechazada si el equipo no se presenta o llega 15 minutos o m\u00e1s tarde. En tal situaci\u00f3n, debido al car\u00e1cter de la reserva, el dinero no es reembolsable y la reserva no podr\u00e1 ser cambiada.<\/li>\n\n\n\n<li>Para el pago con tarjeta de cr\u00e9dito o d\u00e9bito s\u00f3lo se admiten: VISA, VISA Electr\u00f3n y MasterCard. Los datos que debes facilitar al realizar el pago mediante este sistema son: nombre, n\u00famero de tarjeta, fecha de caducidad y c\u00f3digo de verificaci\u00f3n o seguridad.<\/li>\n\n\n\n<li>Utilizamos sistemas de pago seguros para proteger la seguridad en el pago mediante tarjeta de cr\u00e9dito o d\u00e9bito. Los datos confidenciales del pago son transmitidos directamente y de forma encriptada (SSL) a la entidad financiera Banc de Sabadell. Al hacer el pago a trav\u00e9s de pasarela de pago seguro, el sistema verificar\u00e1 autom\u00e1ticamente que la tarjeta de cr\u00e9dito est\u00e1 activada para el Comercio Electr\u00f3nico Seguro. Despu\u00e9s conectar\u00e1 con el banco emisor de la misma, el cual autorizar\u00e1 la operaci\u00f3n.<\/li>\n\n\n\n<li>Todos los datos de la tarjeta de cr\u00e9dito del usuario s\u00f3lo se procesan en el TPV Virtual Seguro del Banc de Sabadell, por lo que Play2Escape no tiene acceso a los mismos ni se almacenan en su base de datos.<\/li>\n\n\n\n<li>En el caso de que el TPV Virtual informara de la denegaci\u00f3n de la tarjeta, se cancelar\u00e1 autom\u00e1ticamente el pedido.<\/li>\n\n\n\n<li>Play2Escape env\u00eda un correo electr\u00f3nico de confirmaci\u00f3n al usuario, con los datos de la reserva, este correo se env\u00eda a la direcci\u00f3n de correo electr\u00f3nico proporcionada por el usuario durante el proceso de registro. Si este correo no es recibido, el usuario debe ponerse en contacto con Play2Escape enviando un mail a info@play2escape.com.<\/li>\n\n\n\n<li>El correo electr\u00f3nico de confirmaci\u00f3n que env\u00eda Play2Escape tiene car\u00e1cter de Bono. El personal de Play2Escape pueden pedir visualizar el Bono para disfrutar del juego en el momento de entrar. Este bono no tiene car\u00e1cter nominativo, por lo que cualquier persona del grupo podr\u00e1 presentarlo y acceder al juego.<\/li>\n\n\n\n<li>El precio de la actividad es independiente del n\u00famero de personas que asisten al juego, siendo 2 el m\u00ednimo y 5 el m\u00e1ximo n\u00famero de personas que pueden entrar en un mismo equipo.<\/li>\n\n\n\n<li>Los cheques regalo tienen 6 meses de validez. Si pasado este per\u00edodo el bono no se ha utilitzado, el bono quedar\u00e1 inhabilitado y\u00a0el dinero no ser\u00e1 reembolsable.<\/li>\n<\/ol>\n\n\n\n<p>Pol\u00edtica de cambios y devoluciones<\/p>\n\n\n\n<p>14.&nbsp; Se podr\u00e1n solicitar cambios o devoluci\u00f3n de la reserva enviando un mail a info@play2escape.com. Los cambios podr\u00e1n realizarse con un plazo de 72h de antelaci\u00f3n. Pasado el plazo de 72h Play2Escape podr\u00e1 negarse a realizar modificaciones en la reserva o a devolver el importe de la reserva.<\/p>\n","protected":false},"excerpt":{"rendered":"<p>Pol\u00edtica de venta Pol\u00edtica de cambios y devoluciones 14.&nbsp; Se podr\u00e1n solicitar cambios o devoluci\u00f3n de la reserva enviando un mail a info@play2escape.com. Los cambios podr\u00e1n realizarse con un plazo de 72h de antelaci\u00f3n. Pasado el plazo de 72h Play2Escape podr\u00e1 negarse a realizar modificaciones en la reserva o a devolver el importe de la [&hellip;]<\/p>\n","protected":false},"author":1,"featured_media":0,"parent":0,"menu_order":0,"comment_status":"closed","ping_status":"closed","template":"","meta":{"footnotes":""},"class_list":["post-1864","page","type-page","status-publish","hentry"],"yoast_head":"<!-- This site is optimized with the Yoast SEO plugin v27.5 - https:\/\/yoast.com\/product\/yoast-seo-wordpress\/ -->\n<title>Pol\u00edtica de venta y devoluci\u00f3n -<\/title>\n<meta name=\"description\" content=\"Consulta la pol\u00edtica de venta, cambios y devoluciones de Play2Escape: reservas online, pagos seguros, bonos regalo, cancelaciones y modificaciones.\" \/>\n<meta name=\"robots\" content=\"index, follow, max-snippet:-1, max-image-preview:large, max-video-preview:-1\" \/>\n<link rel=\"canonical\" href=\"https:\/\/www.play2escape.com\/es\/politica-de-venta-y-devolucion\/\" \/>\n<meta property=\"og:locale\" content=\"es_ES\" \/>\n<meta property=\"og:type\" content=\"article\" \/>\n<meta property=\"og:title\" content=\"Pol\u00edtica de venta y devoluci\u00f3n -\" \/>\n<meta property=\"og:description\" content=\"Consulta la pol\u00edtica de venta, cambios y devoluciones de Play2Escape: reservas online, pagos seguros, bonos regalo, cancelaciones y modificaciones.\" \/>\n<meta property=\"og:url\" content=\"https:\/\/www.play2escape.com\/es\/politica-de-venta-y-devolucion\/\" \/>\n<meta property=\"article:modified_time\" content=\"2026-05-10T19:37:01+00:00\" \/>\n<meta name=\"twitter:card\" content=\"summary_large_image\" \/>\n<script type=\"application\/ld+json\" class=\"yoast-schema-graph\">{\"@context\":\"https:\\\/\\\/schema.org\",\"@graph\":[{\"@type\":\"WebPage\",\"@id\":\"https:\\\/\\\/www.play2escape.com\\\/es\\\/politica-de-venta-y-devolucion\\\/\",\"url\":\"https:\\\/\\\/www.play2escape.com\\\/es\\\/politica-de-venta-y-devolucion\\\/\",\"name\":\"Pol\u00edtica de venta y devoluci\u00f3n -\",\"isPartOf\":{\"@id\":\"https:\\\/\\\/www.play2escape.com\\\/es_ES\\\/#website\"},\"datePublished\":\"2019-11-20T11:15:32+00:00\",\"dateModified\":\"2026-05-10T19:37:01+00:00\",\"description\":\"Consulta la pol\u00edtica de venta, cambios y devoluciones de Play2Escape: reservas online, pagos seguros, bonos regalo, cancelaciones y modificaciones.\",\"breadcrumb\":{\"@id\":\"https:\\\/\\\/www.play2escape.com\\\/es\\\/politica-de-venta-y-devolucion\\\/#breadcrumb\"},\"inLanguage\":\"es\",\"potentialAction\":[{\"@type\":\"ReadAction\",\"target\":[\"https:\\\/\\\/www.play2escape.com\\\/es\\\/politica-de-venta-y-devolucion\\\/\"]}]},{\"@type\":\"BreadcrumbList\",\"@id\":\"https:\\\/\\\/www.play2escape.com\\\/es\\\/politica-de-venta-y-devolucion\\\/#breadcrumb\",\"itemListElement\":[{\"@type\":\"ListItem\",\"position\":1,\"name\":\"Portada\",\"item\":\"https:\\\/\\\/www.play2escape.com\\\/es\\\/\"},{\"@type\":\"ListItem\",\"position\":2,\"name\":\"Pol\u00edtica de venta y devoluci\u00f3n\"}]},{\"@type\":\"WebSite\",\"@id\":\"https:\\\/\\\/www.play2escape.com\\\/es_ES\\\/#website\",\"url\":\"https:\\\/\\\/www.play2escape.com\\\/es_ES\\\/\",\"name\":\"\",\"description\":\"Tu Escape Room en Girona\",\"publisher\":{\"@id\":\"https:\\\/\\\/www.play2escape.com\\\/es_ES\\\/#organization\"},\"potentialAction\":[{\"@type\":\"SearchAction\",\"target\":{\"@type\":\"EntryPoint\",\"urlTemplate\":\"https:\\\/\\\/www.play2escape.com\\\/es_ES\\\/?s={search_term_string}\"},\"query-input\":{\"@type\":\"PropertyValueSpecification\",\"valueRequired\":true,\"valueName\":\"search_term_string\"}}],\"inLanguage\":\"es\"},{\"@type\":\"Organization\",\"@id\":\"https:\\\/\\\/www.play2escape.com\\\/es_ES\\\/#organization\",\"name\":\"play2escape\",\"url\":\"https:\\\/\\\/www.play2escape.com\\\/es_ES\\\/\",\"logo\":{\"@type\":\"ImageObject\",\"inLanguage\":\"es\",\"@id\":\"https:\\\/\\\/www.play2escape.com\\\/es_ES\\\/#\\\/schema\\\/logo\\\/image\\\/\",\"url\":\"https:\\\/\\\/www.play2escape.com\\\/wp-content\\\/uploads\\\/2017\\\/10\\\/Logo_Play2escape_sinSombra.png\",\"contentUrl\":\"https:\\\/\\\/www.play2escape.com\\\/wp-content\\\/uploads\\\/2017\\\/10\\\/Logo_Play2escape_sinSombra.png\",\"width\":295,\"height\":300,\"caption\":\"play2escape\"},\"image\":{\"@id\":\"https:\\\/\\\/www.play2escape.com\\\/es_ES\\\/#\\\/schema\\\/logo\\\/image\\\/\"}}]}<\/script>\n<!-- \/ Yoast SEO plugin. -->","yoast_head_json":{"title":"Pol\u00edtica de venta y devoluci\u00f3n -","description":"Consulta la pol\u00edtica de venta, cambios y devoluciones de Play2Escape: reservas online, pagos seguros, bonos regalo, cancelaciones y modificaciones.","robots":{"index":"index","follow":"follow","max-snippet":"max-snippet:-1","max-image-preview":"max-image-preview:large","max-video-preview":"max-video-preview:-1"},"canonical":"https:\/\/www.play2escape.com\/es\/politica-de-venta-y-devolucion\/","og_locale":"es_ES","og_type":"article","og_title":"Pol\u00edtica de venta y devoluci\u00f3n -","og_description":"Consulta la pol\u00edtica de venta, cambios y devoluciones de Play2Escape: reservas online, pagos seguros, bonos regalo, cancelaciones y modificaciones.","og_url":"https:\/\/www.play2escape.com\/es\/politica-de-venta-y-devolucion\/","article_modified_time":"2026-05-10T19:37:01+00:00","twitter_card":"summary_large_image","schema":{"@context":"https:\/\/schema.org","@graph":[{"@type":"WebPage","@id":"https:\/\/www.play2escape.com\/es\/politica-de-venta-y-devolucion\/","url":"https:\/\/www.play2escape.com\/es\/politica-de-venta-y-devolucion\/","name":"Pol\u00edtica de venta y devoluci\u00f3n -","isPartOf":{"@id":"https:\/\/www.play2escape.com\/es_ES\/#website"},"datePublished":"2019-11-20T11:15:32+00:00","dateModified":"2026-05-10T19:37:01+00:00","description":"Consulta la pol\u00edtica de venta, cambios y devoluciones de Play2Escape: reservas online, pagos seguros, bonos regalo, cancelaciones y modificaciones.","breadcrumb":{"@id":"https:\/\/www.play2escape.com\/es\/politica-de-venta-y-devolucion\/#breadcrumb"},"inLanguage":"es","potentialAction":[{"@type":"ReadAction","target":["https:\/\/www.play2escape.com\/es\/politica-de-venta-y-devolucion\/"]}]},{"@type":"BreadcrumbList","@id":"https:\/\/www.play2escape.com\/es\/politica-de-venta-y-devolucion\/#breadcrumb","itemListElement":[{"@type":"ListItem","position":1,"name":"Portada","item":"https:\/\/www.play2escape.com\/es\/"},{"@type":"ListItem","position":2,"name":"Pol\u00edtica de venta y devoluci\u00f3n"}]},{"@type":"WebSite","@id":"https:\/\/www.play2escape.com\/es_ES\/#website","url":"https:\/\/www.play2escape.com\/es_ES\/","name":"","description":"Tu Escape Room en Girona","publisher":{"@id":"https:\/\/www.play2escape.com\/es_ES\/#organization"},"potentialAction":[{"@type":"SearchAction","target":{"@type":"EntryPoint","urlTemplate":"https:\/\/www.play2escape.com\/es_ES\/?s={search_term_string}"},"query-input":{"@type":"PropertyValueSpecification","valueRequired":true,"valueName":"search_term_string"}}],"inLanguage":"es"},{"@type":"Organization","@id":"https:\/\/www.play2escape.com\/es_ES\/#organization","name":"play2escape","url":"https:\/\/www.play2escape.com\/es_ES\/","logo":{"@type":"ImageObject","inLanguage":"es","@id":"https:\/\/www.play2escape.com\/es_ES\/#\/schema\/logo\/image\/","url":"https:\/\/www.play2escape.com\/wp-content\/uploads\/2017\/10\/Logo_Play2escape_sinSombra.png","contentUrl":"https:\/\/www.play2escape.com\/wp-content\/uploads\/2017\/10\/Logo_Play2escape_sinSombra.png","width":295,"height":300,"caption":"play2escape"},"image":{"@id":"https:\/\/www.play2escape.com\/es_ES\/#\/schema\/logo\/image\/"}}]}},"_links":{"self":[{"href":"https:\/\/www.play2escape.com\/es\/wp-json\/wp\/v2\/pages\/1864","targetHints":{"allow":["GET"]}}],"collection":[{"href":"https:\/\/www.play2escape.com\/es\/wp-json\/wp\/v2\/pages"}],"about":[{"href":"https:\/\/www.play2escape.com\/es\/wp-json\/wp\/v2\/types\/page"}],"author":[{"embeddable":true,"href":"https:\/\/www.play2escape.com\/es\/wp-json\/wp\/v2\/users\/1"}],"replies":[{"embeddable":true,"href":"https:\/\/www.play2escape.com\/es\/wp-json\/wp\/v2\/comments?post=1864"}],"version-history":[{"count":1,"href":"https:\/\/www.play2escape.com\/es\/wp-json\/wp\/v2\/pages\/1864\/revisions"}],"predecessor-version":[{"id":1865,"href":"https:\/\/www.play2escape.com\/es\/wp-json\/wp\/v2\/pages\/1864\/revisions\/1865"}],"wp:attachment":[{"href":"https:\/\/www.play2escape.com\/es\/wp-json\/wp\/v2\/media?parent=1864"}],"curies":[{"name":"wp","href":"https:\/\/api.w.org\/{rel}","templated":true}]}}